{"id":17,"date":"2026-03-05T13:54:32","date_gmt":"2026-03-05T12:54:32","guid":{"rendered":"https:\/\/www.kinaigaleria.hu\/rolunk\/"},"modified":"2026-03-19T15:48:36","modified_gmt":"2026-03-19T14:48:36","slug":"rolunk","status":"publish","type":"page","link":"https:\/\/www.kinaigaleria.hu\/zh\/rolunk\/","title":{"rendered":"\u5173\u4e8e\u6211\u4eec"},"content":{"rendered":"<div class=\"inherit-container-width wp-block-group alignwide is-style-ext-preset--group--natural-1--section has-background-background-color has-background is-layout-constrained wp-block-group-is-layout-constrained\" id=\"rolunk\" style=\"margin-top:0;margin-bottom:0;padding-top:var(--wp--preset--spacing--70);padding-bottom:var(--wp--preset--spacing--70)\">\n<h2 class=\"wp-block-heading has-text-align-center ext-animate--on\">Ismerje meg tehets\u00e9ges fest\u0151ink alkot\u00e1sait<\/h2>\n\n\n\n<p class=\"has-text-align-left ext-animate--on\" style=\"margin-top:1.5rem\">A K\u00ednai Gal\u00e9ria egy Magyarorsz\u00e1gon \u00e9l\u0151 k\u00ednai fest\u0151m\u0171v\u00e9szek \u00e9s amat\u0151r alkot\u00f3k \u00e1ltal l\u00e9trehozott kultur\u00e1lis k\u00f6z\u00f6ss\u00e9g.<br>C\u00e9lunk, hogy a k\u00ednai fest\u00e9szet m\u0171v\u00e9szet\u00e9t min\u00e9l sz\u00e9lesebb k\u00f6rben megismertess\u00fck a magyar k\u00f6z\u00f6ns\u00e9ggel. Munk\u00e1inkban k\u00eds\u00e9rletet tesz\u00fcnk k\u00fcl\u00f6nb\u00f6z\u0151 m\u0171v\u00e9szeti ir\u00e1nyzatok \u00f6tv\u00f6z\u00e9s\u00e9re: a szabad ecsetkezel\u00e9s \u00e9s a realista \u00e1br\u00e1zol\u00e1s, a hagyom\u00e1nyos k\u00ednai tusfest\u00e9szet \u00e9s az olajfest\u00e9szet, a keleti \u00e9s nyugati eszt\u00e9tika, valamint az absztrakt \u00e9s a konkr\u00e9t megjelen\u00edt\u00e9s tal\u00e1lkoz\u00e1s\u00e1ra.<br>Oldalunkon megismerheti alkot\u00f3inkat, \u00e9s ak\u00e1r k\u00f6zvetlen kapcsolatba is l\u00e9phet vel\u00fck. Lehet\u0151s\u00e9g ny\u00edlik arra is, hogy a m\u0171v\u00e9szekkel k\u00f6z\u00f6sen megbesz\u00e9ljen egy-egy egyedi t\u00e9m\u00e1j\u00fa alkot\u00e1s megval\u00f3s\u00edt\u00e1s\u00e1t.<br>Fedezze fel a k\u00ednai fest\u00e9szet soksz\u00edn\u0171 vil\u00e1g\u00e1t \u2013 csatlakozzon hozz\u00e1nk ezen a kreat\u00edv \u00faton!<\/p>\n\n\n\n<p class=\"has-text-align-center ext-animate--on\" style=\"margin-top:1.5rem\"><\/p>\n<\/div>\n\n\n\n<div class=\"inherit-container-width wp-block-group alignfull is-style-ext-preset--group--natural-1--section has-tertiary-background-color has-background is-layout-constrained wp-container-core-group-is-layout-f72f1611 wp-block-group-is-layout-constrained\" id=\"galeria\" style=\"margin-top:0;margin-bottom:0;padding-top:var(--wp--preset--spacing--70);padding-bottom:var(--wp--preset--spacing--70)\">\n<div class=\"wp-block-group alignwide ext-is-logical-start is-content-justification-left is-layout-constrained wp-container-core-group-is-layout-6729bdbe wp-block-group-is-layout-constrained\">\n<h2 class=\"wp-block-heading ext-animate--on\">Egy\u00fctt alkotunk m\u0171v\u00e9szi harm\u00f3ni\u00e1t<\/h2>\n\n\n\n<p class=\"has-text-align-left ext-animate--on\" style=\"margin-top:1.5rem\">Ebben a r\u00e9szben egy gondosan v\u00e1logatott festm\u00e9nykollekci\u00f3t ismerhet meg, amely t\u00fckr\u00f6zi a m\u0171v\u00e9szeink kreativit\u00e1s\u00e1t \u00e9s tehets\u00e9g\u00e9t.<\/p>\n<\/div>\n\n\n\n<div class=\"wp-block-columns alignwide is-layout-flex wp-container-core-columns-is-layout-87beb0d0 wp-block-columns-is-layout-flex\">\n<div class=\"wp-block-column is-vertically-aligned-top ext-animate--on is-layout-flow wp-container-core-column-is-layout-f5bb311e wp-block-column-is-layout-flow\">\n<figure class=\"wp-block-image is-style-ext-preset--image--natural-1--image-1--content-bottom\"><img loading=\"lazy\" decoding=\"async\" width=\"1038\" height=\"1440\" src=\"https:\/\/www.kinaigaleria.hu\/wp-content\/uploads\/2026\/03\/22bd3c4664053fddf5a607f7f1ff3a56c9769067.jpg\" alt=\"\" class=\"wp-image-31\" style=\"aspect-ratio:1;object-fit:cover\" srcset=\"https:\/\/www.kinaigaleria.hu\/wp-content\/uploads\/2026\/03\/22bd3c4664053fddf5a607f7f1ff3a56c9769067.jpg 1038w, https:\/\/www.kinaigaleria.hu\/wp-content\/uploads\/2026\/03\/22bd3c4664053fddf5a607f7f1ff3a56c9769067-216x300.jpg 216w, https:\/\/www.kinaigaleria.hu\/wp-content\/uploads\/2026\/03\/22bd3c4664053fddf5a607f7f1ff3a56c9769067-738x1024.jpg 738w, https:\/\/www.kinaigaleria.hu\/wp-content\/uploads\/2026\/03\/22bd3c4664053fddf5a607f7f1ff3a56c9769067-768x1065.jpg 768w, https:\/\/www.kinaigaleria.hu\/wp-content\/uploads\/2026\/03\/22bd3c4664053fddf5a607f7f1ff3a56c9769067-9x12.jpg 9w\" sizes=\"auto, (max-width: 1038px) 100vw, 1038px\" \/><\/figure>\n\n\n\n<figure class=\"wp-block-image size-large is-resized is-style-ext-preset--image--natural-1--image-1--content-right\"><img loading=\"lazy\" decoding=\"async\" width=\"440\" height=\"1024\" src=\"https:\/\/www.kinaigaleria.hu\/wp-content\/uploads\/2026\/03\/\u6885\u82b1\u7ef6\u5e26\u56fe-440x1024.jpeg\" alt=\"\" class=\"wp-image-166\" style=\"aspect-ratio:1.3333333333333333;object-fit:cover;width:624px;height:auto\" srcset=\"https:\/\/www.kinaigaleria.hu\/wp-content\/uploads\/2026\/03\/\u6885\u82b1\u7ef6\u5e26\u56fe-440x1024.jpeg 440w, https:\/\/www.kinaigaleria.hu\/wp-content\/uploads\/2026\/03\/\u6885\u82b1\u7ef6\u5e26\u56fe-129x300.jpeg 129w, https:\/\/www.kinaigaleria.hu\/wp-content\/uploads\/2026\/03\/\u6885\u82b1\u7ef6\u5e26\u56fe-5x12.jpeg 5w, https:\/\/www.kinaigaleria.hu\/wp-content\/uploads\/2026\/03\/\u6885\u82b1\u7ef6\u5e26\u56fe.jpeg 640w\" sizes=\"auto, (max-width: 440px) 100vw, 440px\" \/><\/figure>\n<\/div>\n\n\n\n<div class=\"wp-block-column is-vertically-aligned-top ext-animate--on is-layout-flow wp-container-core-column-is-layout-f5bb311e wp-block-column-is-layout-flow\">\n<figure class=\"wp-block-image is-style-ext-preset--image--natural-1--image-1--content-left\"><img loading=\"lazy\" decoding=\"async\" width=\"1440\" height=\"810\" src=\"https:\/\/www.kinaigaleria.hu\/wp-content\/uploads\/2026\/03\/d2d90e7bfdfccc4073d1fac941fb2cad8d1651d8.jpg\" alt=\"\" class=\"wp-image-34\" style=\"aspect-ratio:4\/3;object-fit:cover\" srcset=\"https:\/\/www.kinaigaleria.hu\/wp-content\/uploads\/2026\/03\/d2d90e7bfdfccc4073d1fac941fb2cad8d1651d8.jpg 1440w, https:\/\/www.kinaigaleria.hu\/wp-content\/uploads\/2026\/03\/d2d90e7bfdfccc4073d1fac941fb2cad8d1651d8-300x169.jpg 300w, https:\/\/www.kinaigaleria.hu\/wp-content\/uploads\/2026\/03\/d2d90e7bfdfccc4073d1fac941fb2cad8d1651d8-1024x576.jpg 1024w, https:\/\/www.kinaigaleria.hu\/wp-content\/uploads\/2026\/03\/d2d90e7bfdfccc4073d1fac941fb2cad8d1651d8-768x432.jpg 768w, https:\/\/www.kinaigaleria.hu\/wp-content\/uploads\/2026\/03\/d2d90e7bfdfccc4073d1fac941fb2cad8d1651d8-18x10.jpg 18w\" sizes=\"auto, (max-width: 1440px) 100vw, 1440px\" \/><\/figure>\n\n\n\n<figure class=\"wp-block-image size-full is-style-ext-preset--image--natural-1--image-1--content-left\"><img loading=\"lazy\" decoding=\"async\" width=\"640\" height=\"367\" src=\"https:\/\/www.kinaigaleria.hu\/wp-content\/uploads\/2026\/03\/ccdd238ac00b4012983ad2dea0a3e2e8.jpeg\" alt=\"\" class=\"wp-image-153\" style=\"aspect-ratio:1;object-fit:cover\" srcset=\"https:\/\/www.kinaigaleria.hu\/wp-content\/uploads\/2026\/03\/ccdd238ac00b4012983ad2dea0a3e2e8.jpeg 640w, https:\/\/www.kinaigaleria.hu\/wp-content\/uploads\/2026\/03\/ccdd238ac00b4012983ad2dea0a3e2e8-300x172.jpeg 300w, https:\/\/www.kinaigaleria.hu\/wp-content\/uploads\/2026\/03\/ccdd238ac00b4012983ad2dea0a3e2e8-18x10.jpeg 18w\" sizes=\"auto, (max-width: 640px) 100vw, 640px\" \/><\/figure>\n<\/div>\n<\/div>\n<\/div>\n\n\n\n<div class=\"inherit-container-width wp-block-group alignfull is-style-ext-preset--group--natural-1--section has-background-background-color has-background is-layout-constrained wp-container-core-group-is-layout-e955bbaf wp-block-group-is-layout-constrained\" id=\"csapat\" style=\"margin-top:0;margin-bottom:0;padding-top:var(--wp--preset--spacing--70);padding-bottom:var(--wp--preset--spacing--70)\">\n<h2 class=\"wp-block-heading has-text-align-center ext-animate--on\">M\u0171v\u00e9szet, amely inspir\u00e1l \u00e9s \u00f6sszek\u00f6t<\/h2>\n\n\n\n<p class=\"has-text-align-center ext-animate--on\" style=\"margin-top:1.5rem\">Ismerje meg a tehets\u00e9ges fest\u0151k kreat\u00edv csapat\u00e1t, akik \u00e9letre keltik a v\u00e1sznakat.<\/p>\n\n\n\n<div class=\"wp-block-columns alignwide is-layout-flex wp-container-core-columns-is-layout-08c01c1c wp-block-columns-is-layout-flex\">\n<div class=\"wp-block-column is-vertically-aligned-stretch ext-animate--on is-layout-flow wp-block-column-is-layout-flow\">\n<div class=\"wp-block-group is-style-ext-preset--group--natural-1--item-card-1--align-center is-layout-constrained wp-block-group-is-layout-constrained\">\n<figure class=\"wp-block-image size-full\"><img loading=\"lazy\" decoding=\"async\" width=\"550\" height=\"615\" src=\"https:\/\/www.kinaigaleria.hu\/wp-content\/uploads\/2026\/03\/yanzi.jpg\" alt=\"\" class=\"wp-image-174\" style=\"aspect-ratio:1;object-fit:cover\" srcset=\"https:\/\/www.kinaigaleria.hu\/wp-content\/uploads\/2026\/03\/yanzi.jpg 550w, https:\/\/www.kinaigaleria.hu\/wp-content\/uploads\/2026\/03\/yanzi-268x300.jpg 268w, https:\/\/www.kinaigaleria.hu\/wp-content\/uploads\/2026\/03\/yanzi-11x12.jpg 11w\" sizes=\"auto, (max-width: 550px) 100vw, 550px\" \/><\/figure>\n\n\n\n<div class=\"wp-block-group is-style-default is-layout-constrained wp-block-group-is-layout-constrained\">\n<h3 class=\"wp-block-heading\" style=\"font-size:20px\">M\u0171v\u00e9sz Wan Yan<\/h3>\n\n\n\n<p style=\"margin-top:0;margin-bottom:0;font-size:18px\">Alkot\u00f3 fest\u0151<\/p>\n\n\n\n<p>T\u00f6bb \u00e9ve munk\u00e1lkodik a fest\u00e9szet ter\u00fclet\u00e9n, m\u00e9ly m\u0171v\u00e9szi \u00e9rz\u00e9kenys\u00e9ggel.<\/p>\n<\/div>\n<\/div>\n<\/div>\n\n\n\n<div class=\"wp-block-column is-vertically-aligned-stretch ext-animate--on is-layout-flow wp-block-column-is-layout-flow\">\n<div class=\"wp-block-group is-style-ext-preset--group--natural-1--item-card-1--align-center is-layout-constrained wp-block-group-is-layout-constrained\">\n<figure class=\"wp-block-image size-full is-resized\"><img loading=\"lazy\" decoding=\"async\" width=\"293\" height=\"333\" src=\"https:\/\/www.kinaigaleria.hu\/wp-content\/uploads\/2026\/03\/viktor.jpg\" alt=\"\" class=\"wp-image-172\" style=\"aspect-ratio:1;object-fit:cover;width:395px;height:auto\" srcset=\"https:\/\/www.kinaigaleria.hu\/wp-content\/uploads\/2026\/03\/viktor.jpg 293w, https:\/\/www.kinaigaleria.hu\/wp-content\/uploads\/2026\/03\/viktor-264x300.jpg 264w, https:\/\/www.kinaigaleria.hu\/wp-content\/uploads\/2026\/03\/viktor-11x12.jpg 11w\" sizes=\"auto, (max-width: 293px) 100vw, 293px\" \/><\/figure>\n\n\n\n<div class=\"wp-block-group is-style-default is-layout-constrained wp-block-group-is-layout-constrained\">\n<h3 class=\"wp-block-heading\" style=\"font-size:20px\">M\u0171v\u00e9sz Viktor<\/h3>\n\n\n\n<p style=\"margin-top:0;margin-bottom:0;font-size:18px\">Fest\u0151 \u00e9s kur\u00e1tor<\/p>\n\n\n\n<p>Kiemelked\u0151 kreativit\u00e1s\u00e1val \u00e9s egyedi l\u00e1t\u00e1sm\u00f3dj\u00e1val gazdag\u00edtja gal\u00e9ri\u00e1nkat.<\/p>\n<\/div>\n<\/div>\n<\/div>\n\n\n\n<div class=\"wp-block-column is-vertically-aligned-stretch ext-animate--on is-layout-flow wp-block-column-is-layout-flow\">\n<div class=\"wp-block-group is-style-ext-preset--group--natural-1--item-card-1--align-center is-layout-constrained wp-block-group-is-layout-constrained\">\n<figure class=\"wp-block-image size-large\"><img loading=\"lazy\" decoding=\"async\" width=\"683\" height=\"1024\" src=\"https:\/\/www.kinaigaleria.hu\/wp-content\/uploads\/2026\/03\/cc2297ed0d976c37cbd460dfe1eedc430439fd68-683x1024.jpg\" alt=\"\" class=\"wp-image-51\" style=\"aspect-ratio:1;object-fit:cover\" srcset=\"https:\/\/www.kinaigaleria.hu\/wp-content\/uploads\/2026\/03\/cc2297ed0d976c37cbd460dfe1eedc430439fd68-683x1024.jpg 683w, https:\/\/www.kinaigaleria.hu\/wp-content\/uploads\/2026\/03\/cc2297ed0d976c37cbd460dfe1eedc430439fd68-200x300.jpg 200w, https:\/\/www.kinaigaleria.hu\/wp-content\/uploads\/2026\/03\/cc2297ed0d976c37cbd460dfe1eedc430439fd68-768x1152.jpg 768w, https:\/\/www.kinaigaleria.hu\/wp-content\/uploads\/2026\/03\/cc2297ed0d976c37cbd460dfe1eedc430439fd68-1024x1536.jpg 1024w, https:\/\/www.kinaigaleria.hu\/wp-content\/uploads\/2026\/03\/cc2297ed0d976c37cbd460dfe1eedc430439fd68-8x12.jpg 8w, https:\/\/www.kinaigaleria.hu\/wp-content\/uploads\/2026\/03\/cc2297ed0d976c37cbd460dfe1eedc430439fd68.jpg 1280w\" sizes=\"auto, (max-width: 683px) 100vw, 683px\" \/><\/figure>\n\n\n\n<div class=\"wp-block-group is-style-default is-layout-constrained wp-block-group-is-layout-constrained\">\n<h3 class=\"wp-block-heading\" style=\"font-size:20px\">M\u0171v\u00e9sz Krisztina<\/h3>\n\n\n\n<p style=\"margin-top:0;margin-bottom:0;font-size:18px\">Grafikus \u00e9s illusztr\u00e1tor<\/p>\n\n\n\n<p>Technikai szak\u00e9rtelm\u00e9vel \u00faj dimenzi\u00f3kat nyit a fest\u00e9szetben.<\/p>\n<\/div>\n<\/div>\n<\/div>\n<\/div>\n<\/div>","protected":false},"excerpt":{"rendered":"<p>Ismerje meg tehets\u00e9ges fest\u0151ink alkot\u00e1sait A K\u00ednai Gal\u00e9ria egy Magyarorsz\u00e1gon \u00e9l\u0151 k\u00ednai fest\u0151m\u0171v\u00e9szek \u00e9s amat\u0151r alkot\u00f3k \u00e1ltal l\u00e9trehozott kultur\u00e1lis k\u00f6z\u00f6ss\u00e9g.C\u00e9lunk, [&hellip;]<\/p>\n","protected":false},"author":1,"featured_media":0,"parent":0,"menu_order":0,"comment_status":"closed","ping_status":"closed","template":"page-with-title","meta":{"om_disable_all_campaigns":false,"_surecart_dashboard_logo_width":"180px","_surecart_dashboard_show_logo":true,"_surecart_dashboard_navigation_orders":true,"_surecart_dashboard_navigation_invoices":true,"_surecart_dashboard_navigation_subscriptions":true,"_surecart_dashboard_navigation_downloads":true,"_surecart_dashboard_navigation_billing":true,"_surecart_dashboard_navigation_account":true,"_uag_custom_page_level_css":"","_monsterinsights_skip_tracking":false,"_monsterinsights_sitenote_active":false,"_monsterinsights_sitenote_note":"","_monsterinsights_sitenote_category":0,"_uf_show_specific_survey":0,"_uf_disable_surveys":false,"site-sidebar-layout":"default","site-content-layout":"","ast-site-content-layout":"default","site-content-style":"default","site-sidebar-style":"default","ast-global-header-display":"","ast-banner-title-visibility":"","ast-main-header-display":"","ast-hfb-above-header-display":"","ast-hfb-below-header-display":"","ast-hfb-mobile-header-display":"","site-post-title":"","ast-breadcrumbs-content":"","ast-featured-img":"","footer-sml-layout":"","ast-disable-related-posts":"","theme-transparent-header-meta":"","adv-header-id-meta":"","stick-header-meta":"","header-above-stick-meta":"","header-main-stick-meta":"","header-below-stick-meta":"","astra-migrate-meta-layouts":"default","ast-page-background-enabled":"default","ast-page-background-meta":{"desktop":{"background-color":"var(--ast-global-color-5)","background-image":"","background-repeat":"repeat","background-position":"center center","background-size":"auto","background-attachment":"scroll","background-type":"","background-media":"","overlay-type":"","overlay-color":"","overlay-opacity":"","overlay-gradient":""},"tablet":{"background-color":"","background-image":"","background-repeat":"repeat","background-position":"center center","background-size":"auto","background-attachment":"scroll","background-type":"","background-media":"","overlay-type":"","overlay-color":"","overlay-opacity":"","overlay-gradient":""},"mobile":{"background-color":"","background-image":"","background-repeat":"repeat","background-position":"center center","background-size":"auto","background-attachment":"scroll","background-type":"","background-media":"","overlay-type":"","overlay-color":"","overlay-opacity":"","overlay-gradient":""}},"ast-content-background-meta":{"desktop":{"background-color":"var(--ast-global-color-4)","background-image":"","background-repeat":"repeat","background-position":"center center","background-size":"auto","background-attachment":"scroll","background-type":"","background-media":"","overlay-type":"","overlay-color":"","overlay-opacity":"","overlay-gradient":""},"tablet":{"background-color":"var(--ast-global-color-4)","background-image":"","background-repeat":"repeat","background-position":"center center","background-size":"auto","background-attachment":"scroll","background-type":"","background-media":"","overlay-type":"","overlay-color":"","overlay-opacity":"","overlay-gradient":""},"mobile":{"background-color":"var(--ast-global-color-4)","background-image":"","background-repeat":"repeat","background-position":"center center","background-size":"auto","background-attachment":"scroll","background-type":"","background-media":"","overlay-type":"","overlay-color":"","overlay-opacity":"","overlay-gradient":""}},"footnotes":""},"class_list":["post-17","page","type-page","status-publish","hentry"],"uagb_featured_image_src":{"full":false,"thumbnail":false,"medium":false,"medium_large":false,"large":false,"1536x1536":false,"2048x2048":false,"trp-custom-language-flag":false},"uagb_author_info":{"display_name":"\u4e07\u8a00","author_link":"https:\/\/www.kinaigaleria.hu\/zh\/author\/wan-yan\/"},"uagb_comment_info":0,"uagb_excerpt":"Ismerje meg tehets\u00e9ges fest\u0151ink alkot\u00e1sait A K\u00ednai Gal\u00e9ria egy Magyarorsz\u00e1gon \u00e9l\u0151 k\u00ednai fest\u0151m\u0171v\u00e9szek \u00e9s amat\u0151r alkot\u00f3k \u00e1ltal l\u00e9trehozott kultur\u00e1lis k\u00f6z\u00f6ss\u00e9g.C\u00e9lunk, [&hellip;]","_links":{"self":[{"href":"https:\/\/www.kinaigaleria.hu\/zh\/wp-json\/wp\/v2\/pages\/17","targetHints":{"allow":["GET"]}}],"collection":[{"href":"https:\/\/www.kinaigaleria.hu\/zh\/wp-json\/wp\/v2\/pages"}],"about":[{"href":"https:\/\/www.kinaigaleria.hu\/zh\/wp-json\/wp\/v2\/types\/page"}],"author":[{"embeddable":true,"href":"https:\/\/www.kinaigaleria.hu\/zh\/wp-json\/wp\/v2\/users\/1"}],"replies":[{"embeddable":true,"href":"https:\/\/www.kinaigaleria.hu\/zh\/wp-json\/wp\/v2\/comments?post=17"}],"version-history":[{"count":4,"href":"https:\/\/www.kinaigaleria.hu\/zh\/wp-json\/wp\/v2\/pages\/17\/revisions"}],"predecessor-version":[{"id":175,"href":"https:\/\/www.kinaigaleria.hu\/zh\/wp-json\/wp\/v2\/pages\/17\/revisions\/175"}],"wp:attachment":[{"href":"https:\/\/www.kinaigaleria.hu\/zh\/wp-json\/wp\/v2\/media?parent=17"}],"curies":[{"name":"wp","href":"https:\/\/api.w.org\/{rel}","templated":true}]}}