{"id":21,"date":"2026-03-05T13:54:35","date_gmt":"2026-03-05T12:54:35","guid":{"rendered":"https:\/\/www.kinaigaleria.hu\/portfolio\/"},"modified":"2026-04-11T10:55:27","modified_gmt":"2026-04-11T08:55:27","slug":"portfolio","status":"publish","type":"page","link":"https:\/\/www.kinaigaleria.hu\/zh\/portfolio\/","title":{"rendered":"M\u00fcv\u00e9szek"},"content":{"rendered":"<div class=\"inherit-container-width wp-block-group alignfull is-style-ext-preset--group--natural-1--section has-background-background-color has-background is-layout-constrained wp-container-core-group-is-layout-7276a2bb wp-block-group-is-layout-constrained\" style=\"margin-top:0;margin-bottom:0;padding-top:var(--wp--preset--spacing--60);padding-right:var(--wp--preset--spacing--30);padding-bottom:var(--wp--preset--spacing--60);padding-left:var(--wp--preset--spacing--30)\">\n<div class=\"wp-block-columns alignwide are-vertically-aligned-center is-layout-flex wp-container-core-columns-is-layout-47c06fe3 wp-block-columns-is-layout-flex\">\n<div class=\"wp-block-column is-vertically-aligned-center is-layout-flow wp-container-core-column-is-layout-f5bb311e wp-block-column-is-layout-flow\" style=\"flex-basis:50%\">\n<figure class=\"wp-block-image size-full is-style-ext-preset--image--natural-1--image-1--content-bottom ext-animate--on\"><img loading=\"lazy\" decoding=\"async\" width=\"550\" height=\"615\" src=\"https:\/\/www.kinaigaleria.hu\/wp-content\/uploads\/2026\/03\/yanzi.jpg\" alt=\"\" class=\"wp-image-174\" style=\"aspect-ratio:1;object-fit:cover\" srcset=\"https:\/\/www.kinaigaleria.hu\/wp-content\/uploads\/2026\/03\/yanzi.jpg 550w, https:\/\/www.kinaigaleria.hu\/wp-content\/uploads\/2026\/03\/yanzi-268x300.jpg 268w, https:\/\/www.kinaigaleria.hu\/wp-content\/uploads\/2026\/03\/yanzi-11x12.jpg 11w\" sizes=\"auto, (max-width: 550px) 100vw, 550px\" \/><\/figure>\n<\/div>\n\n\n\n<div class=\"wp-block-column is-vertically-aligned-center is-layout-flow wp-block-column-is-layout-flow\" style=\"flex-basis:60%\">\n<h2 class=\"wp-block-heading ext-animate--on has-large-font-size\">k\u00ednai fest\u0151<\/h2>\n\n\n\n<p class=\"ext-animate--on\" style=\"margin-top:8px\"><strong>Magyarorsz\u00e1gon \u00e9l\u0151 f\u00fcggetlen k\u00ednai m\u0171v\u00e9sz<\/strong><\/p>\n\n\n\n<p class=\"ext-animate--on\" style=\"margin-top:16px\"><\/p>\n\n\n\n<figure class=\"wp-block-table\"><table class=\"has-fixed-layout\"><tbody><tr><td class=\"has-text-align-left\" data-align=\"left\"><strong>A k\u00ednai fest\u00e9szet egy, a tint\u00e1ba \u00e9s k\u00ednai fest\u00e9kbe m\u00e1rtott egyedi k\u00ednai ecsetet haszn\u00e1lja eszk\u00f6zk\u00e9nt rizspap\u00edron. Egyed\u00fcl\u00e1ll\u00f3 k\u00ednai fest\u00e9si jellemz\u0151kkel rendelkezik, \u00e9s a t\u00f6bb ezer \u00e9ves k\u00ednai hagyom\u00e1nyos kult\u00fara konkr\u00e9t megtestes\u00edt\u0151je. Gyakran alkalmazza az \u00e1ltal\u00e1nos\u00edt\u00e1s, a t\u00falz\u00e1s technik\u00e1it, gazdag asszoci\u00e1ci\u00f3kat adnak hozz\u00e1, b\u00e1r az \u00edr\u00e1s ritka, de m\u0171v\u00e9szi felfog\u00e1sa m\u00e9lyrehat\u00f3, nem csak a l\u00e1tszathoz ragad, hanem a bels\u0151 jelent\u00e9s\u00e9t is hangs\u00falyozza.<br><br>Wan Yan asszony, Nanchangban, K\u00edn\u00e1ban sz\u00fcletett 1972-ben. A Nanchang Vocational Art School-ban (ma Jiangxi Science and Technology Normal University) tanult, ahol a h\u00edres lakkmester, Chen Shengmou \u00farn\u00e1l tanult. K\u00e9s\u0151bb a d\u00edsz\u00edt\u0151m\u0171v\u00e9szetre specializ\u00e1l\u00f3dott. \u00e9vek \u00f3ta foglalkozik m\u0171v\u00e9szeti munk\u00e1val.<br>Magyarorsz\u00e1gi \u00e9lete ut\u00e1n kem\u00e9nyen dolgozott, kipr\u00f3b\u00e1lta a k\u00ednai \u00e9s a nyugati fest\u00e9szeti m\u00f3dszerek k\u00fcl\u00f6nb\u00f6z\u0151 kombin\u00e1ci\u00f3it, akt\u00edvan r\u00e9szt vett a K\u00edna \u00e9s Magyarorsz\u00e1g k\u00f6z\u00f6tti kult\u00far\u00e1lis cserekapcsolatok el\u0151seg\u00edt\u00e9s\u00e9ben, m\u0171veit a magyars\u00e1g nagyon szereti \u00e9s gy\u0171jti.<\/strong><\/td><\/tr><\/tbody><\/table><\/figure>\n\n\n\n<p class=\"ext-animate--on\" style=\"margin-top:16px\"><\/p>\n<\/div>\n<\/div>\n\n\n\n<div class=\"wp-block-columns is-layout-flex wp-container-core-columns-is-layout-28f84493 wp-block-columns-is-layout-flex\">\n<div class=\"wp-block-column is-layout-flow wp-block-column-is-layout-flow\"><\/div>\n\n\n\n<div class=\"wp-block-column is-layout-flow wp-block-column-is-layout-flow\"><\/div>\n<\/div>\n<\/div>\n\n\n\n<div class=\"inherit-container-width wp-block-group alignfull is-style-ext-preset--group--natural-1--section has-background-background-color has-background is-layout-constrained wp-container-core-group-is-layout-7276a2bb wp-block-group-is-layout-constrained\" style=\"margin-top:0;margin-bottom:0;padding-top:var(--wp--preset--spacing--60);padding-right:var(--wp--preset--spacing--30);padding-bottom:var(--wp--preset--spacing--60);padding-left:var(--wp--preset--spacing--30)\">\n<div class=\"wp-block-columns alignwide are-vertically-aligned-center is-layout-flex wp-container-core-columns-is-layout-47c06fe3 wp-block-columns-is-layout-flex\">\n<div class=\"wp-block-column is-vertically-aligned-center is-layout-flow wp-container-core-column-is-layout-f5bb311e wp-block-column-is-layout-flow\" style=\"flex-basis:50%\">\n<figure class=\"wp-block-image size-full is-resized is-style-ext-preset--image--natural-1--image-1--content-bottom ext-animate--on\"><img loading=\"lazy\" decoding=\"async\" width=\"141\" height=\"190\" src=\"https:\/\/www.kinaigaleria.hu\/wp-content\/uploads\/2026\/03\/viktor2.jpg\" alt=\"\" class=\"wp-image-173\" style=\"aspect-ratio:1;object-fit:cover;width:455px;height:auto\" srcset=\"https:\/\/www.kinaigaleria.hu\/wp-content\/uploads\/2026\/03\/viktor2.jpg 141w, https:\/\/www.kinaigaleria.hu\/wp-content\/uploads\/2026\/03\/viktor2-9x12.jpg 9w\" sizes=\"auto, (max-width: 141px) 100vw, 141px\" \/><\/figure>\n<\/div>\n\n\n\n<div class=\"wp-block-column is-vertically-aligned-center is-layout-flow wp-block-column-is-layout-flow\" style=\"flex-basis:60%\">\n<h2 class=\"wp-block-heading ext-animate--on has-large-font-size\">Weboldal architekt<\/h2>\n\n\n\n<p class=\"ext-animate--on\" style=\"margin-top:8px\"><strong>A k\u00e9pz\u0151m\u0171v\u00e9szeti ki\u00e1ll\u00edt\u00e1s f\u0151kur\u00e1tora<\/strong><\/p>\n\n\n\n<p class=\"ext-animate--on\" style=\"margin-top:16px\"><\/p>\n\n\n\n<figure class=\"wp-block-table\"><table class=\"has-fixed-layout\"><tbody><tr><td class=\"has-text-align-left\" data-align=\"left\"><strong>A k\u00ednai fest\u00e9szet egy, a tint\u00e1ba \u00e9s k\u00ednai fest\u00e9kbe m\u00e1rtott egyedi k\u00ednai ecsetet haszn\u00e1lja eszk\u00f6zk\u00e9nt rizspap\u00edron. Egyed\u00fcl\u00e1ll\u00f3 k\u00ednai fest\u00e9si jellemz\u0151kkel rendelkezik, \u00e9s a t\u00f6bb ezer \u00e9ves k\u00ednai hagyom\u00e1nyos kult\u00fara konkr\u00e9t megtestes\u00edt\u0151je. Gyakran alkalmazza az \u00e1ltal\u00e1nos\u00edt\u00e1s, a t\u00falz\u00e1s technik\u00e1it, gazdag asszoci\u00e1ci\u00f3kat adnak hozz\u00e1, b\u00e1r az \u00edr\u00e1s ritka, de m\u0171v\u00e9szi felfog\u00e1sa m\u00e9lyrehat\u00f3, nem csak a l\u00e1tszathoz ragad, hanem a bels\u0151 jelent\u00e9s\u00e9t is hangs\u00falyozza.<br><br><\/strong><\/td><\/tr><\/tbody><\/table><\/figure>\n\n\n\n<p class=\"ext-animate--on\" style=\"margin-top:16px\"><\/p>\n<\/div>\n<\/div>\n\n\n\n<div class=\"wp-block-columns is-layout-flex wp-container-core-columns-is-layout-28f84493 wp-block-columns-is-layout-flex\">\n<div class=\"wp-block-column is-layout-flow wp-block-column-is-layout-flow\"><\/div>\n\n\n\n<div class=\"wp-block-column is-layout-flow wp-block-column-is-layout-flow\"><\/div>\n<\/div>\n<\/div>\n\n\n\n<div class=\"inherit-container-width wp-block-group alignfull is-style-ext-preset--group--natural-1--section has-background-background-color has-background is-layout-constrained wp-container-core-group-is-layout-7276a2bb wp-block-group-is-layout-constrained\" style=\"margin-top:0;margin-bottom:0;padding-top:var(--wp--preset--spacing--60);padding-right:var(--wp--preset--spacing--30);padding-bottom:var(--wp--preset--spacing--60);padding-left:var(--wp--preset--spacing--30)\">\n<div class=\"wp-block-columns alignwide are-vertically-aligned-center is-layout-flex wp-container-core-columns-is-layout-47c06fe3 wp-block-columns-is-layout-flex\">\n<div class=\"wp-block-column is-vertically-aligned-center is-layout-flow wp-container-core-column-is-layout-f5bb311e wp-block-column-is-layout-flow\" style=\"flex-basis:50%\">\n<figure class=\"wp-block-image size-full is-style-ext-preset--image--natural-1--image-1--content-bottom ext-animate--on\"><img loading=\"lazy\" decoding=\"async\" width=\"1280\" height=\"1828\" src=\"https:\/\/www.kinaigaleria.hu\/wp-content\/uploads\/2026\/03\/2b783ce0fcce64ff67550eff598174e761599f21.jpg\" alt=\"\" class=\"wp-image-37\" style=\"aspect-ratio:1;object-fit:cover\" srcset=\"https:\/\/www.kinaigaleria.hu\/wp-content\/uploads\/2026\/03\/2b783ce0fcce64ff67550eff598174e761599f21.jpg 1280w, https:\/\/www.kinaigaleria.hu\/wp-content\/uploads\/2026\/03\/2b783ce0fcce64ff67550eff598174e761599f21-210x300.jpg 210w, https:\/\/www.kinaigaleria.hu\/wp-content\/uploads\/2026\/03\/2b783ce0fcce64ff67550eff598174e761599f21-717x1024.jpg 717w, https:\/\/www.kinaigaleria.hu\/wp-content\/uploads\/2026\/03\/2b783ce0fcce64ff67550eff598174e761599f21-768x1097.jpg 768w, https:\/\/www.kinaigaleria.hu\/wp-content\/uploads\/2026\/03\/2b783ce0fcce64ff67550eff598174e761599f21-1076x1536.jpg 1076w, https:\/\/www.kinaigaleria.hu\/wp-content\/uploads\/2026\/03\/2b783ce0fcce64ff67550eff598174e761599f21-8x12.jpg 8w\" sizes=\"auto, (max-width: 1280px) 100vw, 1280px\" \/><\/figure>\n<\/div>\n\n\n\n<div class=\"wp-block-column is-vertically-aligned-center is-layout-flow wp-block-column-is-layout-flow\" style=\"flex-basis:60%\">\n<h2 class=\"wp-block-heading ext-animate--on has-large-font-size\">krisztina<\/h2>\n\n\n\n<p class=\"ext-animate--on\" style=\"margin-top:8px\"><strong>Ez a fest\u0151 \u00f6tv\u00f6zi a k\u00ednai fest\u00e9szet \u00e9s az olajfestm\u00e9ny st\u00edlus\u00e1t.<\/strong><\/p>\n\n\n\n<p class=\"ext-animate--on\" style=\"margin-top:16px\"><\/p>\n\n\n\n<figure class=\"wp-block-table\"><table class=\"has-fixed-layout\"><tbody><tr><td class=\"has-text-align-left\" data-align=\"left\">Krisztina<br><br><strong>A k\u00ednai fest\u00e9szet egy, a tint\u00e1ba \u00e9s k\u00ednai fest\u00e9kbe m\u00e1rtott egyedi k\u00ednai ecsetet haszn\u00e1lja eszk\u00f6zk\u00e9nt rizspap\u00edron. Egyed\u00fcl\u00e1ll\u00f3 k\u00ednai fest\u00e9si jellemz\u0151kkel rendelkezik, \u00e9s a t\u00f6bb ezer \u00e9ves k\u00ednai hagyom\u00e1nyos kult\u00fara konkr\u00e9t megtestes\u00edt\u0151je. Gyakran alkalmazza az \u00e1ltal\u00e1nos\u00edt\u00e1s, a t\u00falz\u00e1s technik\u00e1it, gazdag asszoci\u00e1ci\u00f3kat adnak hozz\u00e1, b\u00e1r az \u00edr\u00e1s ritka, de m\u0171v\u00e9szi felfog\u00e1sa m\u00e9lyrehat\u00f3, nem csak a l\u00e1tszathoz ragad, hanem a bels\u0151 jelent\u00e9s\u00e9t is hangs\u00falyozza.<br><br><\/strong><\/td><\/tr><\/tbody><\/table><\/figure>\n\n\n\n<p class=\"ext-animate--on\" style=\"margin-top:16px\"><\/p>\n<\/div>\n<\/div>\n\n\n\n<div class=\"wp-block-columns is-layout-flex wp-container-core-columns-is-layout-28f84493 wp-block-columns-is-layout-flex\">\n<div class=\"wp-block-column is-layout-flow wp-block-column-is-layout-flow\"><\/div>\n\n\n\n<div class=\"wp-block-column is-layout-flow wp-block-column-is-layout-flow\"><\/div>\n<\/div>\n<\/div>\n\n\n\n<div class=\"inherit-container-width wp-block-group alignfull is-style-ext-preset--group--natural-1--section has-tertiary-background-color has-background is-layout-constrained wp-container-core-group-is-layout-f72f1611 wp-block-group-is-layout-constrained\" id=\"galeria\" style=\"margin-top:0;margin-bottom:0;padding-top:var(--wp--preset--spacing--70);padding-bottom:var(--wp--preset--spacing--70)\">\n<div class=\"wp-block-group alignwide ext-is-logical-start is-content-justification-left is-layout-constrained wp-container-core-group-is-layout-6729bdbe wp-block-group-is-layout-constrained\">\n<h2 class=\"wp-block-heading ext-animate--on\">Festm\u00e9nyek, amelyek \u00e9letre keltik az \u00e9rz\u00e9seket<\/h2>\n\n\n\n<p class=\"has-text-align-left ext-animate--on\">Ebben a r\u00e9szben a m\u0171v\u00e9szeink legkiemelked\u0151bb alkot\u00e1sait tekintheti meg, amelyek a kreativit\u00e1s soksz\u00edn\u0171s\u00e9g\u00e9t t\u00fckr\u00f6zik.<\/p>\n<\/div>\n\n\n\n<div class=\"wp-block-columns alignwide is-layout-flex wp-container-core-columns-is-layout-87beb0d0 wp-block-columns-is-layout-flex\">\n<div class=\"wp-block-column is-vertically-aligned-stretch ext-animate--on is-layout-flow wp-container-core-column-is-layout-f5bb311e wp-block-column-is-layout-flow\" style=\"flex-basis:50%\">\n<div class=\"wp-block-cover is-style-ext-preset--image--natural-1--image-1--content-top\" style=\"padding-top:0;padding-bottom:0;min-height:100%;aspect-ratio:unset;\"><img loading=\"lazy\" decoding=\"async\" width=\"1440\" height=\"960\" class=\"wp-block-cover__image-background wp-image-46\" alt=\"\" src=\"https:\/\/www.kinaigaleria.hu\/wp-content\/uploads\/2026\/03\/4df10fd4e6f7cdb353fba307efe6bbd771e1289c.jpg\" data-object-fit=\"cover\" srcset=\"https:\/\/www.kinaigaleria.hu\/wp-content\/uploads\/2026\/03\/4df10fd4e6f7cdb353fba307efe6bbd771e1289c.jpg 1440w, https:\/\/www.kinaigaleria.hu\/wp-content\/uploads\/2026\/03\/4df10fd4e6f7cdb353fba307efe6bbd771e1289c-300x200.jpg 300w, https:\/\/www.kinaigaleria.hu\/wp-content\/uploads\/2026\/03\/4df10fd4e6f7cdb353fba307efe6bbd771e1289c-1024x683.jpg 1024w, https:\/\/www.kinaigaleria.hu\/wp-content\/uploads\/2026\/03\/4df10fd4e6f7cdb353fba307efe6bbd771e1289c-768x512.jpg 768w, https:\/\/www.kinaigaleria.hu\/wp-content\/uploads\/2026\/03\/4df10fd4e6f7cdb353fba307efe6bbd771e1289c-18x12.jpg 18w\" sizes=\"auto, (max-width: 1440px) 100vw, 1440px\" \/><span aria-hidden=\"true\" class=\"wp-block-cover__background has-background-dim-0 has-background-dim\"><\/span><div class=\"wp-block-cover__inner-container is-layout-flow wp-block-cover-is-layout-flow\">\n<div style=\"height:240px\" aria-hidden=\"true\" class=\"wp-block-spacer\"><\/div>\n<\/div><\/div>\n<\/div>\n\n\n\n<div class=\"wp-block-column is-vertically-aligned-top ext-animate--on is-layout-flow wp-container-core-column-is-layout-f5bb311e wp-block-column-is-layout-flow\">\n<figure class=\"wp-block-image is-style-ext-preset--image--natural-1--image-1--content-top\"><img loading=\"lazy\" decoding=\"async\" width=\"1038\" height=\"1440\" src=\"https:\/\/www.kinaigaleria.hu\/wp-content\/uploads\/2026\/03\/22bd3c4664053fddf5a607f7f1ff3a56c9769067.jpg\" alt=\"\" class=\"wp-image-31\" style=\"aspect-ratio:1;object-fit:cover\" srcset=\"https:\/\/www.kinaigaleria.hu\/wp-content\/uploads\/2026\/03\/22bd3c4664053fddf5a607f7f1ff3a56c9769067.jpg 1038w, https:\/\/www.kinaigaleria.hu\/wp-content\/uploads\/2026\/03\/22bd3c4664053fddf5a607f7f1ff3a56c9769067-216x300.jpg 216w, https:\/\/www.kinaigaleria.hu\/wp-content\/uploads\/2026\/03\/22bd3c4664053fddf5a607f7f1ff3a56c9769067-738x1024.jpg 738w, https:\/\/www.kinaigaleria.hu\/wp-content\/uploads\/2026\/03\/22bd3c4664053fddf5a607f7f1ff3a56c9769067-768x1065.jpg 768w, https:\/\/www.kinaigaleria.hu\/wp-content\/uploads\/2026\/03\/22bd3c4664053fddf5a607f7f1ff3a56c9769067-9x12.jpg 9w\" sizes=\"auto, (max-width: 1038px) 100vw, 1038px\" \/><\/figure>\n\n\n\n<figure class=\"wp-block-image is-style-ext-preset--image--natural-1--image-1--content-top\"><img loading=\"lazy\" decoding=\"async\" width=\"961\" height=\"1440\" src=\"https:\/\/www.kinaigaleria.hu\/wp-content\/uploads\/2026\/03\/d876721b0910120c4a3d25467536d66a5d6b77b4.jpg\" alt=\"\" class=\"wp-image-33\" style=\"aspect-ratio:1;object-fit:cover\" srcset=\"https:\/\/www.kinaigaleria.hu\/wp-content\/uploads\/2026\/03\/d876721b0910120c4a3d25467536d66a5d6b77b4.jpg 961w, https:\/\/www.kinaigaleria.hu\/wp-content\/uploads\/2026\/03\/d876721b0910120c4a3d25467536d66a5d6b77b4-200x300.jpg 200w, https:\/\/www.kinaigaleria.hu\/wp-content\/uploads\/2026\/03\/d876721b0910120c4a3d25467536d66a5d6b77b4-683x1024.jpg 683w, https:\/\/www.kinaigaleria.hu\/wp-content\/uploads\/2026\/03\/d876721b0910120c4a3d25467536d66a5d6b77b4-768x1151.jpg 768w, https:\/\/www.kinaigaleria.hu\/wp-content\/uploads\/2026\/03\/d876721b0910120c4a3d25467536d66a5d6b77b4-8x12.jpg 8w\" sizes=\"auto, (max-width: 961px) 100vw, 961px\" \/><\/figure>\n<\/div>\n\n\n\n<div class=\"wp-block-column is-vertically-aligned-top ext-animate--on is-layout-flow wp-container-core-column-is-layout-f5bb311e wp-block-column-is-layout-flow\">\n<figure class=\"wp-block-image is-style-ext-preset--image--natural-1--image-1--content-top\"><img loading=\"lazy\" decoding=\"async\" width=\"1440\" height=\"810\" src=\"https:\/\/www.kinaigaleria.hu\/wp-content\/uploads\/2026\/03\/d2d90e7bfdfccc4073d1fac941fb2cad8d1651d8.jpg\" alt=\"\" class=\"wp-image-34\" style=\"aspect-ratio:1;object-fit:cover\" srcset=\"https:\/\/www.kinaigaleria.hu\/wp-content\/uploads\/2026\/03\/d2d90e7bfdfccc4073d1fac941fb2cad8d1651d8.jpg 1440w, https:\/\/www.kinaigaleria.hu\/wp-content\/uploads\/2026\/03\/d2d90e7bfdfccc4073d1fac941fb2cad8d1651d8-300x169.jpg 300w, https:\/\/www.kinaigaleria.hu\/wp-content\/uploads\/2026\/03\/d2d90e7bfdfccc4073d1fac941fb2cad8d1651d8-1024x576.jpg 1024w, https:\/\/www.kinaigaleria.hu\/wp-content\/uploads\/2026\/03\/d2d90e7bfdfccc4073d1fac941fb2cad8d1651d8-768x432.jpg 768w, https:\/\/www.kinaigaleria.hu\/wp-content\/uploads\/2026\/03\/d2d90e7bfdfccc4073d1fac941fb2cad8d1651d8-18x10.jpg 18w\" sizes=\"auto, (max-width: 1440px) 100vw, 1440px\" \/><\/figure>\n\n\n\n<figure class=\"wp-block-image is-style-ext-preset--image--natural-1--image-1--content-top\"><img loading=\"lazy\" decoding=\"async\" width=\"1440\" height=\"1080\" src=\"https:\/\/www.kinaigaleria.hu\/wp-content\/uploads\/2026\/03\/d242328ddc6163a99ac3f84c675ef8c964a7835a.jpg\" alt=\"\" class=\"wp-image-35\" style=\"aspect-ratio:1;object-fit:cover\" srcset=\"https:\/\/www.kinaigaleria.hu\/wp-content\/uploads\/2026\/03\/d242328ddc6163a99ac3f84c675ef8c964a7835a.jpg 1440w, https:\/\/www.kinaigaleria.hu\/wp-content\/uploads\/2026\/03\/d242328ddc6163a99ac3f84c675ef8c964a7835a-300x225.jpg 300w, https:\/\/www.kinaigaleria.hu\/wp-content\/uploads\/2026\/03\/d242328ddc6163a99ac3f84c675ef8c964a7835a-1024x768.jpg 1024w, https:\/\/www.kinaigaleria.hu\/wp-content\/uploads\/2026\/03\/d242328ddc6163a99ac3f84c675ef8c964a7835a-768x576.jpg 768w, https:\/\/www.kinaigaleria.hu\/wp-content\/uploads\/2026\/03\/d242328ddc6163a99ac3f84c675ef8c964a7835a-16x12.jpg 16w\" sizes=\"auto, (max-width: 1440px) 100vw, 1440px\" \/><\/figure>\n<\/div>\n<\/div>\n<\/div>\n\n\n\n<p><\/p>","protected":false},"excerpt":{"rendered":"<p>k\u00ednai fest\u0151 Magyarorsz\u00e1gon \u00e9l\u0151 f\u00fcggetlen k\u00ednai m\u0171v\u00e9sz A k\u00ednai fest\u00e9szet egy, a tint\u00e1ba \u00e9s k\u00ednai fest\u00e9kbe m\u00e1rtott egyedi k\u00ednai ecsetet [&hellip;]<\/p>\n","protected":false},"author":1,"featured_media":0,"parent":0,"menu_order":0,"comment_status":"closed","ping_status":"closed","template":"","meta":{"om_disable_all_campaigns":false,"_surecart_dashboard_logo_width":"180px","_surecart_dashboard_show_logo":true,"_surecart_dashboard_navigation_orders":true,"_surecart_dashboard_navigation_invoices":true,"_surecart_dashboard_navigation_subscriptions":true,"_surecart_dashboard_navigation_downloads":true,"_surecart_dashboard_navigation_billing":true,"_surecart_dashboard_navigation_account":true,"_uag_custom_page_level_css":"","_monsterinsights_skip_tracking":false,"_monsterinsights_sitenote_active":false,"_monsterinsights_sitenote_note":"","_monsterinsights_sitenote_category":0,"_uf_show_specific_survey":0,"_uf_disable_surveys":false,"site-sidebar-layout":"default","site-content-layout":"","ast-site-content-layout":"default","site-content-style":"default","site-sidebar-style":"default","ast-global-header-display":"","ast-banner-title-visibility":"","ast-main-header-display":"","ast-hfb-above-header-display":"","ast-hfb-below-header-display":"","ast-hfb-mobile-header-display":"","site-post-title":"","ast-breadcrumbs-content":"","ast-featured-img":"","footer-sml-layout":"","ast-disable-related-posts":"","theme-transparent-header-meta":"","adv-header-id-meta":"","stick-header-meta":"","header-above-stick-meta":"","header-main-stick-meta":"","header-below-stick-meta":"","astra-migrate-meta-layouts":"default","ast-page-background-enabled":"default","ast-page-background-meta":{"desktop":{"background-color":"var(--ast-global-color-5)","background-image":"","background-repeat":"repeat","background-position":"center center","background-size":"auto","background-attachment":"scroll","background-type":"","background-media":"","overlay-type":"","overlay-color":"","overlay-opacity":"","overlay-gradient":""},"tablet":{"background-color":"","background-image":"","background-repeat":"repeat","background-position":"center center","background-size":"auto","background-attachment":"scroll","background-type":"","background-media":"","overlay-type":"","overlay-color":"","overlay-opacity":"","overlay-gradient":""},"mobile":{"background-color":"","background-image":"","background-repeat":"repeat","background-position":"center center","background-size":"auto","background-attachment":"scroll","background-type":"","background-media":"","overlay-type":"","overlay-color":"","overlay-opacity":"","overlay-gradient":""}},"ast-content-background-meta":{"desktop":{"background-color":"var(--ast-global-color-4)","background-image":"","background-repeat":"repeat","background-position":"center center","background-size":"auto","background-attachment":"scroll","background-type":"","background-media":"","overlay-type":"","overlay-color":"","overlay-opacity":"","overlay-gradient":""},"tablet":{"background-color":"var(--ast-global-color-4)","background-image":"","background-repeat":"repeat","background-position":"center center","background-size":"auto","background-attachment":"scroll","background-type":"","background-media":"","overlay-type":"","overlay-color":"","overlay-opacity":"","overlay-gradient":""},"mobile":{"background-color":"var(--ast-global-color-4)","background-image":"","background-repeat":"repeat","background-position":"center center","background-size":"auto","background-attachment":"scroll","background-type":"","background-media":"","overlay-type":"","overlay-color":"","overlay-opacity":"","overlay-gradient":""}},"footnotes":""},"class_list":["post-21","page","type-page","status-publish","hentry"],"uagb_featured_image_src":{"full":false,"thumbnail":false,"medium":false,"medium_large":false,"large":false,"1536x1536":false,"2048x2048":false,"trp-custom-language-flag":false},"uagb_author_info":{"display_name":"\u4e07\u8a00","author_link":"https:\/\/www.kinaigaleria.hu\/zh\/author\/wan-yan\/"},"uagb_comment_info":0,"uagb_excerpt":"k\u00ednai fest\u0151 Magyarorsz\u00e1gon \u00e9l\u0151 f\u00fcggetlen k\u00ednai m\u0171v\u00e9sz A k\u00ednai fest\u00e9szet egy, a tint\u00e1ba \u00e9s k\u00ednai fest\u00e9kbe m\u00e1rtott egyedi k\u00ednai ecsetet [&hellip;]","_links":{"self":[{"href":"https:\/\/www.kinaigaleria.hu\/zh\/wp-json\/wp\/v2\/pages\/21","targetHints":{"allow":["GET"]}}],"collection":[{"href":"https:\/\/www.kinaigaleria.hu\/zh\/wp-json\/wp\/v2\/pages"}],"about":[{"href":"https:\/\/www.kinaigaleria.hu\/zh\/wp-json\/wp\/v2\/types\/page"}],"author":[{"embeddable":true,"href":"https:\/\/www.kinaigaleria.hu\/zh\/wp-json\/wp\/v2\/users\/1"}],"replies":[{"embeddable":true,"href":"https:\/\/www.kinaigaleria.hu\/zh\/wp-json\/wp\/v2\/comments?post=21"}],"version-history":[{"count":8,"href":"https:\/\/www.kinaigaleria.hu\/zh\/wp-json\/wp\/v2\/pages\/21\/revisions"}],"predecessor-version":[{"id":311,"href":"https:\/\/www.kinaigaleria.hu\/zh\/wp-json\/wp\/v2\/pages\/21\/revisions\/311"}],"wp:attachment":[{"href":"https:\/\/www.kinaigaleria.hu\/zh\/wp-json\/wp\/v2\/media?parent=21"}],"curies":[{"name":"wp","href":"https:\/\/api.w.org\/{rel}","templated":true}]}}